{"id":48,"date":"2025-02-04T08:16:15","date_gmt":"2025-02-04T08:16:15","guid":{"rendered":"https:\/\/articles-cafe.com\/contactgegevens\/"},"modified":"2025-02-04T08:16:15","modified_gmt":"2025-02-04T08:16:15","slug":"contactgegevens","status":"publish","type":"page","link":"https:\/\/articles-cafe.com\/ro\/contactgegevens\/","title":{"rendered":"Date de contact"},"content":{"rendered":"<p>Apreciem \u00eentreb\u0103rile, feedback-ul \u0219i sugestiile dumneavoastr\u0103. Echipa noastr\u0103 este gata s\u0103 v\u0103 ajute cu orice \u00eentreb\u0103ri pe care le ave\u021bi despre articolele \u0219i produsele noastre. Nu ezita\u021bi s\u0103 ne contacta\u021bi folosind datele de mai jos sau complet\u00e2nd formularul de contact.\n    <\/p>\n<h2>Datele noastre de contact<\/h2>\n<p>\n        E-mail: <a href=\"mailto:info@articles-cafe.com\">info@articles-cafe.com<\/a>\n    <\/p>\n<h2>Trimite\u021bi-ne un mesaj<\/h2>\n<form action=\"\/ro\/submit\/\" method=\"post\" data-trp-original-action=\"\/submit\">\n        <label for=\"naam\">Nume:<\/label><br \/>\n        <input type=\"text\" id=\"naam\" name=\"naam\" required><\/p>\n<p>        <label for=\"email\">Adresa de e-mail:<\/label><br \/>\n        <input type=\"email\" id=\"email\" name=\"email\" required><\/p>\n<p>        <label for=\"onderwerp\">Subiect:<\/label><br \/>\n        <input type=\"text\" id=\"onderwerp\" name=\"onderwerp\" required><\/p>\n<p>        <label for=\"bericht\">Mesaj:<\/label><br \/>\n        <textarea id=\"bericht\" name=\"bericht\" rows=\"5\" required><\/textarea><\/p>\n<p>        <button type=\"submit\">Trimite<\/button><br \/>\n    <input type=\"hidden\" name=\"trp-form-language\" value=\"ro\"\/><\/form>","protected":false},"excerpt":{"rendered":"<p>Apreciem \u00eentreb\u0103rile, feedback-ul \u0219i sugestiile dumneavoastr\u0103. Echipa noastr\u0103 este gata s\u0103 v\u0103 ajute cu orice \u00eentreb\u0103ri pe care le ave\u021bi despre produsele \u0219i serviciile noastre.<\/p>","protected":false},"author":1,"featured_media":0,"parent":0,"menu_order":0,"comment_status":"closed","ping_status":"closed","template":"","meta":{"_acf_changed":false,"footnotes":""},"class_list":["post-48","page","type-page","status-publish","hentry"],"acf":[],"yoast_head":"<!-- This site is optimized with the Yoast SEO plugin v23.2 - https:\/\/yoast.com\/wordpress\/plugins\/seo\/ -->\n<title>Contactgegevens - articles-cafe.com<\/title>\n<meta name=\"description\" content=\"Heb je vragen of opmerkingen? Neem contact op via e-mail of gebruik ons formulier. Wij helpen je graag met je vragen over onze artikelen en producten.\" \/>\n<meta name=\"robots\" content=\"index, follow, max-snippet:-1, max-image-preview:large, max-video-preview:-1\" \/>\n<link rel=\"canonical\" href=\"https:\/\/articles-cafe.com\/ro\/contactgegevens\/\" \/>\n<meta property=\"og:locale\" content=\"ro_RO\" \/>\n<meta property=\"og:type\" content=\"article\" \/>\n<meta property=\"og:title\" content=\"Contactgegevens - articles-cafe.com\" \/>\n<meta property=\"og:description\" content=\"Heb je vragen of opmerkingen? Neem contact op via e-mail of gebruik ons formulier. Wij helpen je graag met je vragen over onze artikelen en producten.\" \/>\n<meta property=\"og:url\" content=\"https:\/\/articles-cafe.com\/ro\/contactgegevens\/\" \/>\n<meta property=\"og:site_name\" content=\"articles-cafe.com\" \/>\n<meta name=\"twitter:card\" content=\"summary_large_image\" \/>\n<script type=\"application\/ld+json\" class=\"yoast-schema-graph\">{\"@context\":\"https:\/\/schema.org\",\"@graph\":[{\"@type\":\"WebPage\",\"@id\":\"https:\/\/articles-cafe.com\/contactgegevens\/\",\"url\":\"https:\/\/articles-cafe.com\/contactgegevens\/\",\"name\":\"Contactgegevens - articles-cafe.com\",\"isPartOf\":{\"@id\":\"https:\/\/articles-cafe.com\/#website\"},\"datePublished\":\"2025-02-04T08:16:15+00:00\",\"dateModified\":\"2025-02-04T08:16:15+00:00\",\"description\":\"Heb je vragen of opmerkingen? Neem contact op via e-mail of gebruik ons formulier. Wij helpen je graag met je vragen over onze artikelen en producten.\",\"breadcrumb\":{\"@id\":\"https:\/\/articles-cafe.com\/contactgegevens\/#breadcrumb\"},\"inLanguage\":\"ro-RO\",\"potentialAction\":[{\"@type\":\"ReadAction\",\"target\":[\"https:\/\/articles-cafe.com\/contactgegevens\/\"]}]},{\"@type\":\"BreadcrumbList\",\"@id\":\"https:\/\/articles-cafe.com\/contactgegevens\/#breadcrumb\",\"itemListElement\":[{\"@type\":\"ListItem\",\"position\":1,\"name\":\"Home\",\"item\":\"https:\/\/articles-cafe.com\/\"},{\"@type\":\"ListItem\",\"position\":2,\"name\":\"Contactgegevens\"}]},{\"@type\":\"WebSite\",\"@id\":\"https:\/\/articles-cafe.com\/#website\",\"url\":\"https:\/\/articles-cafe.com\/\",\"name\":\"articles-cafe.com\",\"description\":\"Ontdek jouw persoonlijke stijl bij ons\",\"potentialAction\":[{\"@type\":\"SearchAction\",\"target\":{\"@type\":\"EntryPoint\",\"urlTemplate\":\"https:\/\/articles-cafe.com\/?s={search_term_string}\"},\"query-input\":\"required name=search_term_string\"}],\"inLanguage\":\"ro-RO\"}]}<\/script>\n<!-- \/ Yoast SEO plugin. -->","yoast_head_json":{"title":"Contactgegevens - articles-cafe.com","description":"Heb je vragen of opmerkingen? Neem contact op via e-mail of gebruik ons formulier. Wij helpen je graag met je vragen over onze artikelen en producten.","robots":{"index":"index","follow":"follow","max-snippet":"max-snippet:-1","max-image-preview":"max-image-preview:large","max-video-preview":"max-video-preview:-1"},"canonical":"https:\/\/articles-cafe.com\/ro\/contactgegevens\/","og_locale":"ro_RO","og_type":"article","og_title":"Contactgegevens - articles-cafe.com","og_description":"Heb je vragen of opmerkingen? Neem contact op via e-mail of gebruik ons formulier. Wij helpen je graag met je vragen over onze artikelen en producten.","og_url":"https:\/\/articles-cafe.com\/ro\/contactgegevens\/","og_site_name":"articles-cafe.com","twitter_card":"summary_large_image","schema":{"@context":"https:\/\/schema.org","@graph":[{"@type":"WebPage","@id":"https:\/\/articles-cafe.com\/contactgegevens\/","url":"https:\/\/articles-cafe.com\/contactgegevens\/","name":"Contactgegevens - articles-cafe.com","isPartOf":{"@id":"https:\/\/articles-cafe.com\/#website"},"datePublished":"2025-02-04T08:16:15+00:00","dateModified":"2025-02-04T08:16:15+00:00","description":"Heb je vragen of opmerkingen? Neem contact op via e-mail of gebruik ons formulier. Wij helpen je graag met je vragen over onze artikelen en producten.","breadcrumb":{"@id":"https:\/\/articles-cafe.com\/contactgegevens\/#breadcrumb"},"inLanguage":"ro-RO","potentialAction":[{"@type":"ReadAction","target":["https:\/\/articles-cafe.com\/contactgegevens\/"]}]},{"@type":"BreadcrumbList","@id":"https:\/\/articles-cafe.com\/contactgegevens\/#breadcrumb","itemListElement":[{"@type":"ListItem","position":1,"name":"Home","item":"https:\/\/articles-cafe.com\/"},{"@type":"ListItem","position":2,"name":"Contactgegevens"}]},{"@type":"WebSite","@id":"https:\/\/articles-cafe.com\/#website","url":"https:\/\/articles-cafe.com\/","name":"articles-cafe.com","description":"Ontdek jouw persoonlijke stijl bij ons","potentialAction":[{"@type":"SearchAction","target":{"@type":"EntryPoint","urlTemplate":"https:\/\/articles-cafe.com\/?s={search_term_string}"},"query-input":"required name=search_term_string"}],"inLanguage":"ro-RO"}]}},"yoast_meta":{"yoast_wpseo_title":"","yoast_wpseo_metadesc":"","yoast_wpseo_canonical":"https:\/\/articles-cafe.com\/ro\/wp-json\/wp\/v2\/pages\/48"},"_links":{"self":[{"href":"https:\/\/articles-cafe.com\/ro\/wp-json\/wp\/v2\/pages\/48","targetHints":{"allow":["GET"]}}],"collection":[{"href":"https:\/\/articles-cafe.com\/ro\/wp-json\/wp\/v2\/pages"}],"about":[{"href":"https:\/\/articles-cafe.com\/ro\/wp-json\/wp\/v2\/types\/page"}],"author":[{"embeddable":true,"href":"https:\/\/articles-cafe.com\/ro\/wp-json\/wp\/v2\/users\/1"}],"replies":[{"embeddable":true,"href":"https:\/\/articles-cafe.com\/ro\/wp-json\/wp\/v2\/comments?post=48"}],"version-history":[{"count":0,"href":"https:\/\/articles-cafe.com\/ro\/wp-json\/wp\/v2\/pages\/48\/revisions"}],"wp:attachment":[{"href":"https:\/\/articles-cafe.com\/ro\/wp-json\/wp\/v2\/media?parent=48"}],"curies":[{"name":"wp","href":"https:\/\/api.w.org\/{rel}","templated":true}]}}