{"id":47,"date":"2025-02-04T08:16:14","date_gmt":"2025-02-04T08:16:14","guid":{"rendered":"https:\/\/articles-cafe.com\/over-het-bedrijf\/"},"modified":"2025-02-04T11:38:49","modified_gmt":"2025-02-04T11:38:49","slug":"over-het-bedrijf","status":"publish","type":"page","link":"https:\/\/articles-cafe.com\/ro\/over-het-bedrijf\/","title":{"rendered":"Despre companie"},"content":{"rendered":"<p>Suntem un blog de mod\u0103 care se concentreaz\u0103 pe cele mai recente tendin\u021be, inspira\u021bie de stil \u0219i sfaturi practice de mod\u0103 pentru to\u021bi cei interesa\u021bi de mod\u0103. Indiferent dac\u0103 sunte\u021bi \u00een c\u0103utarea celor mai recente tendin\u021be ale sezonului sau dori\u021bi s\u0103 v\u0103 \u00eembun\u0103t\u0103\u021bi\u021bi stilul personal, articolele noastre v\u0103 ofer\u0103 informa\u021biile \u0219i inspira\u021bia necesare pentru a face \u00eentotdeauna alegerile corecte.<\/p>\n<p><img loading=\"lazy\" decoding=\"async\" class=\"aligncenter wp-image-46 size-full\" src=\"https:\/\/articles-cafe.com\/wp-content\/uploads\/derzha-kardigan-argajl-v-magazine-vintazhnoj-odezhdy.jpg\" alt=\"\" width=\"612\" height=\"408\" srcset=\"https:\/\/articles-cafe.com\/wp-content\/uploads\/derzha-kardigan-argajl-v-magazine-vintazhnoj-odezhdy.jpg 612w, https:\/\/articles-cafe.com\/wp-content\/uploads\/derzha-kardigan-argajl-v-magazine-vintazhnoj-odezhdy-300x200.jpg 300w\" sizes=\"auto, (max-width: 612px) 100vw, 612px\" \/><\/p>\n<h2>La ce s\u0103 v\u0103 a\u0219tepta\u021bi de la Articles Cafe:<\/h2>\n<ul>\n<li>Cele mai recente tendin\u021be \u0219i analize \u00een mod\u0103<\/li>\n<li>Sfaturi de stil pentru fiecare ocazie<\/li>\n<li>Sfaturi pentru combinarea \u021binutelor \u0219i accesoriilor<\/li>\n<li>Informa\u021bii despre mod\u0103 sustenabil\u0103 \u0219i cump\u0103r\u0103turi responsabile<\/li>\n<li>Inspira\u021bie vestimentar\u0103 pentru diferite stiluri \u0219i gusturi<\/li>\n<\/ul>\n<p>Sper\u0103m s\u0103 v\u0103 inspir\u0103m cu articolele noastre \u0219i s\u0103 v\u0103 ajut\u0103m s\u0103 crea\u021bi look-ul perfect. V\u0103 mul\u021bumim pentru vizita pe Articles-Cafe.com!<\/p>","protected":false},"excerpt":{"rendered":"<p>Suntem un blog de mod\u0103 care se concentreaz\u0103 pe cele mai recente tendin\u021be, inspira\u021bie de stil \u0219i sfaturi practice de mod\u0103 pentru oricine este interesat de mod\u0103. Indiferent dac\u0103 e\u0219ti...<\/p>","protected":false},"author":1,"featured_media":0,"parent":0,"menu_order":0,"comment_status":"closed","ping_status":"closed","template":"","meta":{"_acf_changed":false,"footnotes":""},"class_list":["post-47","page","type-page","status-publish","hentry"],"acf":[],"yoast_head":"<!-- This site is optimized with the Yoast SEO plugin v23.2 - https:\/\/yoast.com\/wordpress\/plugins\/seo\/ -->\n<title>Over het bedrijf - articles-cafe.com<\/title>\n<meta name=\"description\" content=\"ArticlesCafe biedt mode-inspiratie, de laatste trends, en stijltips. Lees onze blog voor mode-inzichten en handige adviezen.\" \/>\n<meta name=\"robots\" content=\"index, follow, max-snippet:-1, max-image-preview:large, max-video-preview:-1\" \/>\n<link rel=\"canonical\" href=\"https:\/\/articles-cafe.com\/ro\/over-het-bedrijf\/\" \/>\n<meta property=\"og:locale\" content=\"ro_RO\" \/>\n<meta property=\"og:type\" content=\"article\" \/>\n<meta property=\"og:title\" content=\"Over het bedrijf - articles-cafe.com\" \/>\n<meta property=\"og:description\" content=\"ArticlesCafe biedt mode-inspiratie, de laatste trends, en stijltips. Lees onze blog voor mode-inzichten en handige adviezen.\" \/>\n<meta property=\"og:url\" content=\"https:\/\/articles-cafe.com\/ro\/over-het-bedrijf\/\" \/>\n<meta property=\"og:site_name\" content=\"articles-cafe.com\" \/>\n<meta property=\"article:modified_time\" content=\"2025-02-04T11:38:49+00:00\" \/>\n<meta property=\"og:image\" content=\"https:\/\/articles-cafe.com\/wp-content\/uploads\/derzha-kardigan-argajl-v-magazine-vintazhnoj-odezhdy.jpg\" \/>\n<meta name=\"twitter:card\" content=\"summary_large_image\" \/>\n<meta name=\"twitter:label1\" content=\"Timp estimat pentru citire\" \/>\n\t<meta name=\"twitter:data1\" content=\"1 minut\" \/>\n<script type=\"application\/ld+json\" class=\"yoast-schema-graph\">{\"@context\":\"https:\/\/schema.org\",\"@graph\":[{\"@type\":\"WebPage\",\"@id\":\"https:\/\/articles-cafe.com\/over-het-bedrijf\/\",\"url\":\"https:\/\/articles-cafe.com\/over-het-bedrijf\/\",\"name\":\"Over het bedrijf - articles-cafe.com\",\"isPartOf\":{\"@id\":\"https:\/\/articles-cafe.com\/#website\"},\"primaryImageOfPage\":{\"@id\":\"https:\/\/articles-cafe.com\/over-het-bedrijf\/#primaryimage\"},\"image\":{\"@id\":\"https:\/\/articles-cafe.com\/over-het-bedrijf\/#primaryimage\"},\"thumbnailUrl\":\"https:\/\/articles-cafe.com\/wp-content\/uploads\/derzha-kardigan-argajl-v-magazine-vintazhnoj-odezhdy.jpg\",\"datePublished\":\"2025-02-04T08:16:14+00:00\",\"dateModified\":\"2025-02-04T11:38:49+00:00\",\"description\":\"ArticlesCafe biedt mode-inspiratie, de laatste trends, en stijltips. Lees onze blog voor mode-inzichten en handige adviezen.\",\"breadcrumb\":{\"@id\":\"https:\/\/articles-cafe.com\/over-het-bedrijf\/#breadcrumb\"},\"inLanguage\":\"ro-RO\",\"potentialAction\":[{\"@type\":\"ReadAction\",\"target\":[\"https:\/\/articles-cafe.com\/over-het-bedrijf\/\"]}]},{\"@type\":\"ImageObject\",\"inLanguage\":\"ro-RO\",\"@id\":\"https:\/\/articles-cafe.com\/over-het-bedrijf\/#primaryimage\",\"url\":\"https:\/\/articles-cafe.com\/wp-content\/uploads\/derzha-kardigan-argajl-v-magazine-vintazhnoj-odezhdy.jpg\",\"contentUrl\":\"https:\/\/articles-cafe.com\/wp-content\/uploads\/derzha-kardigan-argajl-v-magazine-vintazhnoj-odezhdy.jpg\"},{\"@type\":\"BreadcrumbList\",\"@id\":\"https:\/\/articles-cafe.com\/over-het-bedrijf\/#breadcrumb\",\"itemListElement\":[{\"@type\":\"ListItem\",\"position\":1,\"name\":\"Home\",\"item\":\"https:\/\/articles-cafe.com\/\"},{\"@type\":\"ListItem\",\"position\":2,\"name\":\"Over het bedrijf\"}]},{\"@type\":\"WebSite\",\"@id\":\"https:\/\/articles-cafe.com\/#website\",\"url\":\"https:\/\/articles-cafe.com\/\",\"name\":\"articles-cafe.com\",\"description\":\"Ontdek jouw persoonlijke stijl bij ons\",\"potentialAction\":[{\"@type\":\"SearchAction\",\"target\":{\"@type\":\"EntryPoint\",\"urlTemplate\":\"https:\/\/articles-cafe.com\/?s={search_term_string}\"},\"query-input\":\"required name=search_term_string\"}],\"inLanguage\":\"ro-RO\"}]}<\/script>\n<!-- \/ Yoast SEO plugin. -->","yoast_head_json":{"title":"Over het bedrijf - articles-cafe.com","description":"ArticlesCafe biedt mode-inspiratie, de laatste trends, en stijltips. Lees onze blog voor mode-inzichten en handige adviezen.","robots":{"index":"index","follow":"follow","max-snippet":"max-snippet:-1","max-image-preview":"max-image-preview:large","max-video-preview":"max-video-preview:-1"},"canonical":"https:\/\/articles-cafe.com\/ro\/over-het-bedrijf\/","og_locale":"ro_RO","og_type":"article","og_title":"Over het bedrijf - articles-cafe.com","og_description":"ArticlesCafe biedt mode-inspiratie, de laatste trends, en stijltips. Lees onze blog voor mode-inzichten en handige adviezen.","og_url":"https:\/\/articles-cafe.com\/ro\/over-het-bedrijf\/","og_site_name":"articles-cafe.com","article_modified_time":"2025-02-04T11:38:49+00:00","og_image":[{"url":"https:\/\/articles-cafe.com\/wp-content\/uploads\/derzha-kardigan-argajl-v-magazine-vintazhnoj-odezhdy.jpg"}],"twitter_card":"summary_large_image","twitter_misc":{"Timp estimat pentru citire":"1 minut"},"schema":{"@context":"https:\/\/schema.org","@graph":[{"@type":"WebPage","@id":"https:\/\/articles-cafe.com\/over-het-bedrijf\/","url":"https:\/\/articles-cafe.com\/over-het-bedrijf\/","name":"Over het bedrijf - articles-cafe.com","isPartOf":{"@id":"https:\/\/articles-cafe.com\/#website"},"primaryImageOfPage":{"@id":"https:\/\/articles-cafe.com\/over-het-bedrijf\/#primaryimage"},"image":{"@id":"https:\/\/articles-cafe.com\/over-het-bedrijf\/#primaryimage"},"thumbnailUrl":"https:\/\/articles-cafe.com\/wp-content\/uploads\/derzha-kardigan-argajl-v-magazine-vintazhnoj-odezhdy.jpg","datePublished":"2025-02-04T08:16:14+00:00","dateModified":"2025-02-04T11:38:49+00:00","description":"ArticlesCafe biedt mode-inspiratie, de laatste trends, en stijltips. Lees onze blog voor mode-inzichten en handige adviezen.","breadcrumb":{"@id":"https:\/\/articles-cafe.com\/over-het-bedrijf\/#breadcrumb"},"inLanguage":"ro-RO","potentialAction":[{"@type":"ReadAction","target":["https:\/\/articles-cafe.com\/over-het-bedrijf\/"]}]},{"@type":"ImageObject","inLanguage":"ro-RO","@id":"https:\/\/articles-cafe.com\/over-het-bedrijf\/#primaryimage","url":"https:\/\/articles-cafe.com\/wp-content\/uploads\/derzha-kardigan-argajl-v-magazine-vintazhnoj-odezhdy.jpg","contentUrl":"https:\/\/articles-cafe.com\/wp-content\/uploads\/derzha-kardigan-argajl-v-magazine-vintazhnoj-odezhdy.jpg"},{"@type":"BreadcrumbList","@id":"https:\/\/articles-cafe.com\/over-het-bedrijf\/#breadcrumb","itemListElement":[{"@type":"ListItem","position":1,"name":"Home","item":"https:\/\/articles-cafe.com\/"},{"@type":"ListItem","position":2,"name":"Over het bedrijf"}]},{"@type":"WebSite","@id":"https:\/\/articles-cafe.com\/#website","url":"https:\/\/articles-cafe.com\/","name":"articles-cafe.com","description":"Ontdek jouw persoonlijke stijl bij ons","potentialAction":[{"@type":"SearchAction","target":{"@type":"EntryPoint","urlTemplate":"https:\/\/articles-cafe.com\/?s={search_term_string}"},"query-input":"required name=search_term_string"}],"inLanguage":"ro-RO"}]}},"yoast_meta":{"yoast_wpseo_title":"","yoast_wpseo_metadesc":"","yoast_wpseo_canonical":"https:\/\/articles-cafe.com\/ro\/wp-json\/wp\/v2\/pages\/47"},"_links":{"self":[{"href":"https:\/\/articles-cafe.com\/ro\/wp-json\/wp\/v2\/pages\/47","targetHints":{"allow":["GET"]}}],"collection":[{"href":"https:\/\/articles-cafe.com\/ro\/wp-json\/wp\/v2\/pages"}],"about":[{"href":"https:\/\/articles-cafe.com\/ro\/wp-json\/wp\/v2\/types\/page"}],"author":[{"embeddable":true,"href":"https:\/\/articles-cafe.com\/ro\/wp-json\/wp\/v2\/users\/1"}],"replies":[{"embeddable":true,"href":"https:\/\/articles-cafe.com\/ro\/wp-json\/wp\/v2\/comments?post=47"}],"version-history":[{"count":1,"href":"https:\/\/articles-cafe.com\/ro\/wp-json\/wp\/v2\/pages\/47\/revisions"}],"predecessor-version":[{"id":56,"href":"https:\/\/articles-cafe.com\/ro\/wp-json\/wp\/v2\/pages\/47\/revisions\/56"}],"wp:attachment":[{"href":"https:\/\/articles-cafe.com\/ro\/wp-json\/wp\/v2\/media?parent=47"}],"curies":[{"name":"wp","href":"https:\/\/api.w.org\/{rel}","templated":true}]}}